{"id":483,"date":"2025-09-10T21:42:37","date_gmt":"2025-09-10T21:42:37","guid":{"rendered":"https:\/\/smartgreenexteriors.com\/?page_id=483"},"modified":"2025-09-10T22:21:05","modified_gmt":"2025-09-10T22:21:05","slug":"single-hung-windows","status":"publish","type":"page","link":"https:\/\/smartgreenexteriors.com\/es\/single-hung-windows\/","title":{"rendered":"Ventanas de guillotina simple"},"content":{"rendered":"<div data-elementor-type=\"wp-page\" data-elementor-id=\"483\" class=\"elementor elementor-483\" data-elementor-post-type=\"page\">\n\t\t\t\t<div class=\"elementor-element elementor-element-7dfa2a0 e-flex e-con-boxed e-con e-parent\" data-id=\"7dfa2a0\" data-element_type=\"container\" data-e-type=\"container\" data-settings=\"{&quot;background_background&quot;:&quot;classic&quot;}\">\n\t\t\t\t\t<div class=\"e-con-inner\">\n\t\t<div class=\"elementor-element elementor-element-7153428 e-con-full e-flex e-con e-child\" data-id=\"7153428\" data-element_type=\"container\" data-e-type=\"container\" data-settings=\"{&quot;background_background&quot;:&quot;classic&quot;}\">\n\t\t\t\t<div class=\"elementor-element elementor-element-99361b2 elementor-widget elementor-widget-heading\" data-id=\"99361b2\" data-element_type=\"widget\" data-e-type=\"widget\" data-widget_type=\"heading.default\">\n\t\t\t\t\t<h2 class=\"elementor-heading-title elementor-size-default\">Ventanas de una sola hoja m\u00f3vil\n<\/h2>\t\t\t\t<\/div>\n\t\t\t\t<div class=\"elementor-element elementor-element-7c3edd2 elementor-widget elementor-widget-text-editor\" data-id=\"7c3edd2\" data-element_type=\"widget\" data-e-type=\"widget\" data-widget_type=\"text-editor.default\">\n\t\t\t\t\t\t\t\t\t<div class=\"windowType-slider-txt-container\"><div class=\"windowType-slider-txt\"><div class=\"windowType-slider-txt-container\"><div class=\"windowType-slider-txt\">En una ventana de guillotina simple, la hoja inferior est\u00e1 dise\u00f1ada para moverse hacia arriba y hacia abajo, mientras que la hoja superior permanece fija. Elige entre una de nuestras tres l\u00edneas de productos para encontrar la ventana de guillotina simple ideal para tu hogar, ya seas contratista buscando nuevas ventanas o propietario que necesita reemplazos.<\/div><\/div><div id=\"windowTypes-slider\" class=\"ui-slider ui-slider-horizontal ui-widget ui-widget-content ui-corner-all\">\u00a0<\/div><\/div><\/div>\t\t\t\t\t\t\t\t<\/div>\n\t\t\t\t<\/div>\n\t\t\t\t\t<\/div>\n\t\t\t\t<\/div>\n\t\t<div class=\"elementor-element elementor-element-dda0aeb e-flex e-con-boxed e-con e-parent\" data-id=\"dda0aeb\" data-element_type=\"container\" data-e-type=\"container\">\n\t\t\t\t\t<div class=\"e-con-inner\">\n\t\t\t\t<div class=\"elementor-element elementor-element-6c1bdfe elementor-widget elementor-widget-heading\" data-id=\"6c1bdfe\" data-element_type=\"widget\" data-e-type=\"widget\" data-widget_type=\"heading.default\">\n\t\t\t\t\t<h2 class=\"elementor-heading-title elementor-size-default\">Ventajas de las ventanas de guillotina simple\n<\/h2>\t\t\t\t<\/div>\n\t\t<div class=\"elementor-element elementor-element-9a1fe8c e-con-full e-flex e-con e-child\" data-id=\"9a1fe8c\" data-element_type=\"container\" data-e-type=\"container\">\n\t\t<div class=\"elementor-element elementor-element-7d2b8fa e-con-full e-flex e-con e-child\" data-id=\"7d2b8fa\" data-element_type=\"container\" data-e-type=\"container\">\n\t\t\t\t<div class=\"elementor-element elementor-element-1c82e34 elementor-widget elementor-widget-text-editor\" data-id=\"1c82e34\" data-element_type=\"widget\" data-e-type=\"widget\" data-widget_type=\"text-editor.default\">\n\t\t\t\t\t\t\t\t\t<ul class=\"featuresList\"><li>Una hoja m\u00f3vil que se desliza hacia arriba y hacia abajo.<\/li><li>Pr\u00e1cticamente indistinguible de una ventana de guillotina doble, salvo que la hoja superior no se abre. Ideal para zonas donde la hoja superior es de dif\u00edcil acceso.<\/li><li>Incre\u00edblemente f\u00e1cil de limpiar: solo abre la hoja y limpia el interior y el exterior de la ventana sin necesidad de salir de casa.<\/li><\/ul>\t\t\t\t\t\t\t\t<\/div>\n\t\t\t\t<\/div>\n\t\t<div class=\"elementor-element elementor-element-fb4c6b4 e-con-full e-flex e-con e-child\" data-id=\"fb4c6b4\" data-element_type=\"container\" data-e-type=\"container\">\n\t\t\t\t<div class=\"elementor-element elementor-element-1784736 elementor-widget elementor-widget-text-editor\" data-id=\"1784736\" data-element_type=\"widget\" data-e-type=\"widget\" data-widget_type=\"text-editor.default\">\n\t\t\t\t\t\t\t\t\t<div class=\"textPartLeft\"><ul class=\"featuresList\"><li>Incre\u00edblemente f\u00e1cil de limpiar: solo abre la hoja y limpia el interior y el exterior de la ventana sin necesidad de salir de casa.<\/li><li>Eficientes en energ\u00eda y f\u00e1ciles de mantener: no requieren pintura, barnizado ni restauraci\u00f3n, a diferencia de las ventanas con marco de madera.<\/li><li>Disponibles en tres de nuestras series de ventanas, con una variedad de configuraciones de hoja y parrilla, opciones de color y acabado, y diferentes tecnolog\u00edas de vidrio.<\/li><\/ul><\/div>\t\t\t\t\t\t\t\t<\/div>\n\t\t\t\t<\/div>\n\t\t<div class=\"elementor-element elementor-element-8d2534b e-con-full e-flex e-con e-child\" data-id=\"8d2534b\" data-element_type=\"container\" data-e-type=\"container\">\n\t\t\t\t<div class=\"elementor-element elementor-element-8919d46 elementor-widget elementor-widget-image\" data-id=\"8919d46\" data-element_type=\"widget\" data-e-type=\"widget\" data-widget_type=\"image.default\">\n\t\t\t\t\t\t\t\t\t\t\t\t\t\t\t<img fetchpriority=\"high\" decoding=\"async\" width=\"530\" height=\"766\" src=\"https:\/\/smartgreenexteriors.com\/wp-content\/uploads\/2025\/09\/featuresRightImage.jpeg\" class=\"attachment-large size-large wp-image-477\" alt=\"\" srcset=\"https:\/\/smartgreenexteriors.com\/wp-content\/uploads\/2025\/09\/featuresRightImage.jpeg 530w, https:\/\/smartgreenexteriors.com\/wp-content\/uploads\/2025\/09\/featuresRightImage-208x300.jpeg 208w, https:\/\/smartgreenexteriors.com\/wp-content\/uploads\/2025\/09\/featuresRightImage-8x12.jpeg 8w\" sizes=\"(max-width: 530px) 100vw, 530px\" \/>\t\t\t\t\t\t\t\t\t\t\t\t\t\t\t<\/div>\n\t\t\t\t<\/div>\n\t\t\t\t<\/div>\n\t\t\t\t\t<\/div>\n\t\t\t\t<\/div>\n\t\t<div class=\"elementor-element elementor-element-9452fdd e-flex e-con-boxed e-con e-parent\" data-id=\"9452fdd\" data-element_type=\"container\" data-e-type=\"container\">\n\t\t\t\t\t<div class=\"e-con-inner\">\n\t\t\t\t<div class=\"elementor-element elementor-element-f44fd98 elementor-widget elementor-widget-heading\" data-id=\"f44fd98\" data-element_type=\"widget\" data-e-type=\"widget\" data-widget_type=\"heading.default\">\n\t\t\t\t\t<h2 class=\"elementor-heading-title elementor-size-default\">Configuraciones\n<\/h2>\t\t\t\t<\/div>\n\t\t\t\t<div class=\"elementor-element elementor-element-1a93d70 elementor-widget elementor-widget-text-editor\" data-id=\"1a93d70\" data-element_type=\"widget\" data-e-type=\"widget\" data-widget_type=\"text-editor.default\">\n\t\t\t\t\t\t\t\t\t<div class=\"header\"><div class=\"windowTypes-series-sub-header\"><div class=\"header\"><div class=\"windowTypes-series-sub-header\">Las ventanas de guillotina simple est\u00e1n disponibles en varias configuraciones, incluyendo la opci\u00f3n de hojas de igual o diferente tama\u00f1o.<\/div><\/div><div id=\"windowCombo-2doubleHung\" class=\"windowConfigurations-each doubleHung-each\">\u00a0<\/div><\/div><\/div>\t\t\t\t\t\t\t\t<\/div>\n\t\t<div class=\"elementor-element elementor-element-a25dc58 e-con-full e-flex e-con e-child\" data-id=\"a25dc58\" data-element_type=\"container\" data-e-type=\"container\">\n\t\t<div class=\"elementor-element elementor-element-3bd6ecd e-con-full e-flex e-con e-child\" data-id=\"3bd6ecd\" data-element_type=\"container\" data-e-type=\"container\">\n\t\t\t\t<div class=\"elementor-element elementor-element-ff5a11a elementor-widget elementor-widget-image\" data-id=\"ff5a11a\" data-element_type=\"widget\" data-e-type=\"widget\" data-widget_type=\"image.default\">\n\t\t\t\t\t\t\t\t\t\t\t\t\t\t\t<img decoding=\"async\" width=\"180\" height=\"161\" src=\"https:\/\/smartgreenexteriors.com\/wp-content\/uploads\/2025\/09\/reverse-cottage-double-hung-configuration-180x160-1.png\" class=\"attachment-full size-full wp-image-478\" alt=\"\" srcset=\"https:\/\/smartgreenexteriors.com\/wp-content\/uploads\/2025\/09\/reverse-cottage-double-hung-configuration-180x160-1.png 180w, https:\/\/smartgreenexteriors.com\/wp-content\/uploads\/2025\/09\/reverse-cottage-double-hung-configuration-180x160-1-13x12.png 13w\" sizes=\"(max-width: 180px) 100vw, 180px\" \/>\t\t\t\t\t\t\t\t\t\t\t\t\t\t\t<\/div>\n\t\t\t\t<div class=\"elementor-element elementor-element-a324ad7 elementor-widget elementor-widget-heading\" data-id=\"a324ad7\" data-element_type=\"widget\" data-e-type=\"widget\" data-widget_type=\"heading.default\">\n\t\t\t\t\t<h2 class=\"elementor-heading-title elementor-size-default\">Ventana oriel\n<\/h2>\t\t\t\t<\/div>\n\t\t\t\t<\/div>\n\t\t<div class=\"elementor-element elementor-element-6841269 e-con-full e-flex e-con e-child\" data-id=\"6841269\" data-element_type=\"container\" data-e-type=\"container\">\n\t\t\t\t<div class=\"elementor-element elementor-element-cdc3488 elementor-widget elementor-widget-image\" data-id=\"cdc3488\" data-element_type=\"widget\" data-e-type=\"widget\" data-widget_type=\"image.default\">\n\t\t\t\t\t\t\t\t\t\t\t\t\t\t\t<img decoding=\"async\" width=\"180\" height=\"161\" src=\"https:\/\/smartgreenexteriors.com\/wp-content\/uploads\/2025\/09\/double-hung-configuration-180x1601-1.jpg\" class=\"attachment-full size-full wp-image-479\" alt=\"\" srcset=\"https:\/\/smartgreenexteriors.com\/wp-content\/uploads\/2025\/09\/double-hung-configuration-180x1601-1.jpg 180w, https:\/\/smartgreenexteriors.com\/wp-content\/uploads\/2025\/09\/double-hung-configuration-180x1601-1-13x12.jpg 13w\" sizes=\"(max-width: 180px) 100vw, 180px\" \/>\t\t\t\t\t\t\t\t\t\t\t\t\t\t\t<\/div>\n\t\t\t\t<div class=\"elementor-element elementor-element-164f366 elementor-widget elementor-widget-heading\" data-id=\"164f366\" data-element_type=\"widget\" data-e-type=\"widget\" data-widget_type=\"heading.default\">\n\t\t\t\t\t<h2 class=\"elementor-heading-title elementor-size-default\">Hoja de igual tama\u00f1o\n<\/h2>\t\t\t\t<\/div>\n\t\t\t\t<\/div>\n\t\t<div class=\"elementor-element elementor-element-4a6b652 e-con-full e-flex e-con e-child\" data-id=\"4a6b652\" data-element_type=\"container\" data-e-type=\"container\">\n\t\t\t\t<div class=\"elementor-element elementor-element-de1fe7d elementor-widget elementor-widget-image\" data-id=\"de1fe7d\" data-element_type=\"widget\" data-e-type=\"widget\" data-widget_type=\"image.default\">\n\t\t\t\t\t\t\t\t\t\t\t\t\t\t\t<img loading=\"lazy\" decoding=\"async\" width=\"180\" height=\"161\" src=\"https:\/\/smartgreenexteriors.com\/wp-content\/uploads\/2025\/09\/cottage-double-hung-configuration-180x160-1-1.png\" class=\"attachment-full size-full wp-image-503\" alt=\"\" srcset=\"https:\/\/smartgreenexteriors.com\/wp-content\/uploads\/2025\/09\/cottage-double-hung-configuration-180x160-1-1.png 180w, https:\/\/smartgreenexteriors.com\/wp-content\/uploads\/2025\/09\/cottage-double-hung-configuration-180x160-1-1-13x12.png 13w\" sizes=\"(max-width: 180px) 100vw, 180px\" \/>\t\t\t\t\t\t\t\t\t\t\t\t\t\t\t<\/div>\n\t\t\t\t<div class=\"elementor-element elementor-element-67aff7e elementor-widget elementor-widget-heading\" data-id=\"67aff7e\" data-element_type=\"widget\" data-e-type=\"widget\" data-widget_type=\"heading.default\">\n\t\t\t\t\t<h2 class=\"elementor-heading-title elementor-size-default\">Hoja de igual tama\u00f1o\n<\/h2>\t\t\t\t<\/div>\n\t\t\t\t<\/div>\n\t\t\t\t<\/div>\n\t\t\t\t\t<\/div>\n\t\t\t\t<\/div>\n\t\t\t\t<\/div>","protected":false},"excerpt":{"rendered":"<p>Single-Hung Windows On a single-hung window, the lower sash is designed to move up and down while the upper sash stays in place. Choose from one of our three product lines to find the ideal single-hung window for your home. Whether you\u2019re a contractor in need of new windows or a homeowner in need of [&hellip;]<\/p>\n","protected":false},"author":2,"featured_media":0,"parent":0,"menu_order":0,"comment_status":"closed","ping_status":"closed","template":"elementor_header_footer","meta":{"footnotes":""},"class_list":["post-483","page","type-page","status-publish","hentry"],"yoast_head":"<!-- This site is optimized with the Yoast SEO plugin v27.5 - https:\/\/yoast.com\/product\/yoast-seo-wordpress\/ -->\n<title>Single Hung WINDOWS - Smart Green Exteriors<\/title>\n<meta name=\"robots\" content=\"index, follow, max-snippet:-1, max-image-preview:large, max-video-preview:-1\" \/>\n<link rel=\"canonical\" href=\"https:\/\/smartgreenexteriors.com\/es\/single-hung-windows\/\" \/>\n<meta property=\"og:locale\" content=\"es_ES\" \/>\n<meta property=\"og:type\" content=\"article\" \/>\n<meta property=\"og:title\" content=\"Single Hung WINDOWS - Smart Green Exteriors\" \/>\n<meta property=\"og:description\" content=\"Single-Hung Windows On a single-hung window, the lower sash is designed to move up and down while the upper sash stays in place. Choose from one of our three product lines to find the ideal single-hung window for your home. Whether you\u2019re a contractor in need of new windows or a homeowner in need of [&hellip;]\" \/>\n<meta property=\"og:url\" content=\"https:\/\/smartgreenexteriors.com\/es\/single-hung-windows\/\" \/>\n<meta property=\"og:site_name\" content=\"Smart Green Exteriors\" \/>\n<meta property=\"article:modified_time\" content=\"2025-09-10T22:21:05+00:00\" \/>\n<meta property=\"og:image\" content=\"https:\/\/smartgreenexteriors.com\/wp-content\/uploads\/2025\/09\/featuresRightImage.jpeg\" \/>\n<meta name=\"twitter:card\" content=\"summary_large_image\" \/>\n<meta name=\"twitter:label1\" content=\"Tiempo de lectura\" \/>\n\t<meta name=\"twitter:data1\" content=\"1 minuto\" \/>\n<script type=\"application\/ld+json\" class=\"yoast-schema-graph\">{\"@context\":\"https:\\\/\\\/schema.org\",\"@graph\":[{\"@type\":\"WebPage\",\"@id\":\"https:\\\/\\\/smartgreenexteriors.com\\\/es\\\/single-hung-windows\\\/\",\"url\":\"https:\\\/\\\/smartgreenexteriors.com\\\/es\\\/single-hung-windows\\\/\",\"name\":\"Single Hung WINDOWS - Smart Green Exteriors\",\"isPartOf\":{\"@id\":\"https:\\\/\\\/smartgreenexteriors.com\\\/en\\\/#website\"},\"primaryImageOfPage\":{\"@id\":\"https:\\\/\\\/smartgreenexteriors.com\\\/es\\\/single-hung-windows\\\/#primaryimage\"},\"image\":{\"@id\":\"https:\\\/\\\/smartgreenexteriors.com\\\/es\\\/single-hung-windows\\\/#primaryimage\"},\"thumbnailUrl\":\"https:\\\/\\\/smartgreenexteriors.com\\\/wp-content\\\/uploads\\\/2025\\\/09\\\/featuresRightImage.jpeg\",\"datePublished\":\"2025-09-10T21:42:37+00:00\",\"dateModified\":\"2025-09-10T22:21:05+00:00\",\"breadcrumb\":{\"@id\":\"https:\\\/\\\/smartgreenexteriors.com\\\/es\\\/single-hung-windows\\\/#breadcrumb\"},\"inLanguage\":\"es\",\"potentialAction\":[{\"@type\":\"ReadAction\",\"target\":[\"https:\\\/\\\/smartgreenexteriors.com\\\/es\\\/single-hung-windows\\\/\"]}]},{\"@type\":\"ImageObject\",\"inLanguage\":\"es\",\"@id\":\"https:\\\/\\\/smartgreenexteriors.com\\\/es\\\/single-hung-windows\\\/#primaryimage\",\"url\":\"https:\\\/\\\/smartgreenexteriors.com\\\/wp-content\\\/uploads\\\/2025\\\/09\\\/featuresRightImage.jpeg\",\"contentUrl\":\"https:\\\/\\\/smartgreenexteriors.com\\\/wp-content\\\/uploads\\\/2025\\\/09\\\/featuresRightImage.jpeg\"},{\"@type\":\"BreadcrumbList\",\"@id\":\"https:\\\/\\\/smartgreenexteriors.com\\\/es\\\/single-hung-windows\\\/#breadcrumb\",\"itemListElement\":[{\"@type\":\"ListItem\",\"position\":1,\"name\":\"Home\",\"item\":\"https:\\\/\\\/smartgreenexteriors.com\\\/\"},{\"@type\":\"ListItem\",\"position\":2,\"name\":\"Single Hung WINDOWS\"}]},{\"@type\":\"WebSite\",\"@id\":\"https:\\\/\\\/smartgreenexteriors.com\\\/en\\\/#website\",\"url\":\"https:\\\/\\\/smartgreenexteriors.com\\\/en\\\/\",\"name\":\"Smart Green Exteriors\",\"description\":\"\",\"publisher\":{\"@id\":\"https:\\\/\\\/smartgreenexteriors.com\\\/en\\\/#organization\"},\"potentialAction\":[{\"@type\":\"SearchAction\",\"target\":{\"@type\":\"EntryPoint\",\"urlTemplate\":\"https:\\\/\\\/smartgreenexteriors.com\\\/en\\\/?s={search_term_string}\"},\"query-input\":{\"@type\":\"PropertyValueSpecification\",\"valueRequired\":true,\"valueName\":\"search_term_string\"}}],\"inLanguage\":\"es\"},{\"@type\":\"Organization\",\"@id\":\"https:\\\/\\\/smartgreenexteriors.com\\\/en\\\/#organization\",\"name\":\"Smart Green Exteriors\",\"url\":\"https:\\\/\\\/smartgreenexteriors.com\\\/en\\\/\",\"logo\":{\"@type\":\"ImageObject\",\"inLanguage\":\"es\",\"@id\":\"https:\\\/\\\/smartgreenexteriors.com\\\/en\\\/#\\\/schema\\\/logo\\\/image\\\/\",\"url\":\"https:\\\/\\\/smartgreenexteriors.com\\\/wp-content\\\/uploads\\\/2025\\\/09\\\/cropped-WhatsApp_Image_2025-09-04_at_7.44.16_AM-removebg-preview-2.png\",\"contentUrl\":\"https:\\\/\\\/smartgreenexteriors.com\\\/wp-content\\\/uploads\\\/2025\\\/09\\\/cropped-WhatsApp_Image_2025-09-04_at_7.44.16_AM-removebg-preview-2.png\",\"width\":539,\"height\":191,\"caption\":\"Smart Green Exteriors\"},\"image\":{\"@id\":\"https:\\\/\\\/smartgreenexteriors.com\\\/en\\\/#\\\/schema\\\/logo\\\/image\\\/\"}}]}<\/script>\n<!-- \/ Yoast SEO plugin. -->","yoast_head_json":{"title":"Single Hung WINDOWS - Smart Green Exteriors","robots":{"index":"index","follow":"follow","max-snippet":"max-snippet:-1","max-image-preview":"max-image-preview:large","max-video-preview":"max-video-preview:-1"},"canonical":"https:\/\/smartgreenexteriors.com\/es\/single-hung-windows\/","og_locale":"es_ES","og_type":"article","og_title":"Single Hung WINDOWS - Smart Green Exteriors","og_description":"Single-Hung Windows On a single-hung window, the lower sash is designed to move up and down while the upper sash stays in place. Choose from one of our three product lines to find the ideal single-hung window for your home. Whether you\u2019re a contractor in need of new windows or a homeowner in need of [&hellip;]","og_url":"https:\/\/smartgreenexteriors.com\/es\/single-hung-windows\/","og_site_name":"Smart Green Exteriors","article_modified_time":"2025-09-10T22:21:05+00:00","og_image":[{"url":"https:\/\/smartgreenexteriors.com\/wp-content\/uploads\/2025\/09\/featuresRightImage.jpeg","type":"","width":"","height":""}],"twitter_card":"summary_large_image","twitter_misc":{"Tiempo de lectura":"1 minuto"},"schema":{"@context":"https:\/\/schema.org","@graph":[{"@type":"WebPage","@id":"https:\/\/smartgreenexteriors.com\/es\/single-hung-windows\/","url":"https:\/\/smartgreenexteriors.com\/es\/single-hung-windows\/","name":"Single Hung WINDOWS - Smart Green Exteriors","isPartOf":{"@id":"https:\/\/smartgreenexteriors.com\/en\/#website"},"primaryImageOfPage":{"@id":"https:\/\/smartgreenexteriors.com\/es\/single-hung-windows\/#primaryimage"},"image":{"@id":"https:\/\/smartgreenexteriors.com\/es\/single-hung-windows\/#primaryimage"},"thumbnailUrl":"https:\/\/smartgreenexteriors.com\/wp-content\/uploads\/2025\/09\/featuresRightImage.jpeg","datePublished":"2025-09-10T21:42:37+00:00","dateModified":"2025-09-10T22:21:05+00:00","breadcrumb":{"@id":"https:\/\/smartgreenexteriors.com\/es\/single-hung-windows\/#breadcrumb"},"inLanguage":"es","potentialAction":[{"@type":"ReadAction","target":["https:\/\/smartgreenexteriors.com\/es\/single-hung-windows\/"]}]},{"@type":"ImageObject","inLanguage":"es","@id":"https:\/\/smartgreenexteriors.com\/es\/single-hung-windows\/#primaryimage","url":"https:\/\/smartgreenexteriors.com\/wp-content\/uploads\/2025\/09\/featuresRightImage.jpeg","contentUrl":"https:\/\/smartgreenexteriors.com\/wp-content\/uploads\/2025\/09\/featuresRightImage.jpeg"},{"@type":"BreadcrumbList","@id":"https:\/\/smartgreenexteriors.com\/es\/single-hung-windows\/#breadcrumb","itemListElement":[{"@type":"ListItem","position":1,"name":"Home","item":"https:\/\/smartgreenexteriors.com\/"},{"@type":"ListItem","position":2,"name":"Single Hung WINDOWS"}]},{"@type":"WebSite","@id":"https:\/\/smartgreenexteriors.com\/en\/#website","url":"https:\/\/smartgreenexteriors.com\/en\/","name":"Smart Green Exteriors","description":"","publisher":{"@id":"https:\/\/smartgreenexteriors.com\/en\/#organization"},"potentialAction":[{"@type":"SearchAction","target":{"@type":"EntryPoint","urlTemplate":"https:\/\/smartgreenexteriors.com\/en\/?s={search_term_string}"},"query-input":{"@type":"PropertyValueSpecification","valueRequired":true,"valueName":"search_term_string"}}],"inLanguage":"es"},{"@type":"Organization","@id":"https:\/\/smartgreenexteriors.com\/en\/#organization","name":"Smart Green Exteriors","url":"https:\/\/smartgreenexteriors.com\/en\/","logo":{"@type":"ImageObject","inLanguage":"es","@id":"https:\/\/smartgreenexteriors.com\/en\/#\/schema\/logo\/image\/","url":"https:\/\/smartgreenexteriors.com\/wp-content\/uploads\/2025\/09\/cropped-WhatsApp_Image_2025-09-04_at_7.44.16_AM-removebg-preview-2.png","contentUrl":"https:\/\/smartgreenexteriors.com\/wp-content\/uploads\/2025\/09\/cropped-WhatsApp_Image_2025-09-04_at_7.44.16_AM-removebg-preview-2.png","width":539,"height":191,"caption":"Smart Green Exteriors"},"image":{"@id":"https:\/\/smartgreenexteriors.com\/en\/#\/schema\/logo\/image\/"}}]}},"_links":{"self":[{"href":"https:\/\/smartgreenexteriors.com\/es\/wp-json\/wp\/v2\/pages\/483","targetHints":{"allow":["GET"]}}],"collection":[{"href":"https:\/\/smartgreenexteriors.com\/es\/wp-json\/wp\/v2\/pages"}],"about":[{"href":"https:\/\/smartgreenexteriors.com\/es\/wp-json\/wp\/v2\/types\/page"}],"author":[{"embeddable":true,"href":"https:\/\/smartgreenexteriors.com\/es\/wp-json\/wp\/v2\/users\/2"}],"replies":[{"embeddable":true,"href":"https:\/\/smartgreenexteriors.com\/es\/wp-json\/wp\/v2\/comments?post=483"}],"version-history":[{"count":13,"href":"https:\/\/smartgreenexteriors.com\/es\/wp-json\/wp\/v2\/pages\/483\/revisions"}],"predecessor-version":[{"id":506,"href":"https:\/\/smartgreenexteriors.com\/es\/wp-json\/wp\/v2\/pages\/483\/revisions\/506"}],"wp:attachment":[{"href":"https:\/\/smartgreenexteriors.com\/es\/wp-json\/wp\/v2\/media?parent=483"}],"curies":[{"name":"wp","href":"https:\/\/api.w.org\/{rel}","templated":true}]}}