{"id":517,"date":"2025-09-10T22:28:41","date_gmt":"2025-09-10T22:28:41","guid":{"rendered":"https:\/\/smartgreenexteriors.com\/?page_id=517"},"modified":"2025-09-10T22:30:35","modified_gmt":"2025-09-10T22:30:35","slug":"picture-windows","status":"publish","type":"page","link":"https:\/\/smartgreenexteriors.com\/es\/picture-windows\/","title":{"rendered":"Ventanas panor\u00e1micas"},"content":{"rendered":"<div data-elementor-type=\"wp-page\" data-elementor-id=\"517\" class=\"elementor elementor-517\" data-elementor-post-type=\"page\">\n\t\t\t\t<div class=\"elementor-element elementor-element-7dfa2a0 e-flex e-con-boxed e-con e-parent\" data-id=\"7dfa2a0\" data-element_type=\"container\" data-e-type=\"container\" data-settings=\"{&quot;background_background&quot;:&quot;classic&quot;}\">\n\t\t\t\t\t<div class=\"e-con-inner\">\n\t\t<div class=\"elementor-element elementor-element-7153428 e-con-full e-flex e-con e-child\" data-id=\"7153428\" data-element_type=\"container\" data-e-type=\"container\" data-settings=\"{&quot;background_background&quot;:&quot;classic&quot;}\">\n\t\t\t\t<div class=\"elementor-element elementor-element-99361b2 elementor-widget elementor-widget-heading\" data-id=\"99361b2\" data-element_type=\"widget\" data-e-type=\"widget\" data-widget_type=\"heading.default\">\n\t\t\t\t\t<h2 class=\"elementor-heading-title elementor-size-default\">Ventanas panor\u00e1micas\n<\/h2>\t\t\t\t<\/div>\n\t\t\t\t<div class=\"elementor-element elementor-element-7c3edd2 elementor-widget elementor-widget-text-editor\" data-id=\"7c3edd2\" data-element_type=\"widget\" data-e-type=\"widget\" data-widget_type=\"text-editor.default\">\n\t\t\t\t\t\t\t\t\t<div class=\"windowType-slider-txt-container\"><div class=\"windowType-slider-txt\"><div class=\"windowType-slider-txt-container\"><div class=\"windowType-slider-txt\">Las ventanas panor\u00e1micas est\u00e1n dise\u00f1adas para permanecer fijas y no se abren ni cierran. Deja que entre abundante luz en tu espacio con una ventana de una de nuestras l\u00edneas de productos exclusivas.<\/div><\/div><\/div><\/div>\t\t\t\t\t\t\t\t<\/div>\n\t\t\t\t<\/div>\n\t\t\t\t\t<\/div>\n\t\t\t\t<\/div>\n\t\t<div class=\"elementor-element elementor-element-dda0aeb e-flex e-con-boxed e-con e-parent\" data-id=\"dda0aeb\" data-element_type=\"container\" data-e-type=\"container\">\n\t\t\t\t\t<div class=\"e-con-inner\">\n\t\t\t\t<div class=\"elementor-element elementor-element-6c1bdfe elementor-widget elementor-widget-heading\" data-id=\"6c1bdfe\" data-element_type=\"widget\" data-e-type=\"widget\" data-widget_type=\"heading.default\">\n\t\t\t\t\t<h2 class=\"elementor-heading-title elementor-size-default\">Caracter\u00edsticas de las ventanas panor\u00e1micas\n<\/h2>\t\t\t\t<\/div>\n\t\t<div class=\"elementor-element elementor-element-9a1fe8c e-con-full e-flex e-con e-child\" data-id=\"9a1fe8c\" data-element_type=\"container\" data-e-type=\"container\">\n\t\t<div class=\"elementor-element elementor-element-7d2b8fa e-con-full e-flex e-con e-child\" data-id=\"7d2b8fa\" data-element_type=\"container\" data-e-type=\"container\">\n\t\t\t\t<div class=\"elementor-element elementor-element-1c82e34 elementor-widget elementor-widget-text-editor\" data-id=\"1c82e34\" data-element_type=\"widget\" data-e-type=\"widget\" data-widget_type=\"text-editor.default\">\n\t\t\t\t\t\t\t\t\t<ul class=\"featuresList\"><li>Ventanas fijas de un solo cristal que no se abren.<\/li><li>Las ventanas panor\u00e1micas son ideales para personalizar tu espacio en la pared y se pueden combinar f\u00e1cilmente con nuestra variedad de ventanas operables.<\/li><li>Las ventanas panor\u00e1micas est\u00e1n disponibles en una variedad de tama\u00f1os, lo que las convierte en la opci\u00f3n ideal para aportar luz a una habitaci\u00f3n o brindar una gran vista del exterior.<\/li><\/ul>\t\t\t\t\t\t\t\t<\/div>\n\t\t\t\t<\/div>\n\t\t<div class=\"elementor-element elementor-element-fb4c6b4 e-con-full e-flex e-con e-child\" data-id=\"fb4c6b4\" data-element_type=\"container\" data-e-type=\"container\">\n\t\t\t\t<div class=\"elementor-element elementor-element-1784736 elementor-widget elementor-widget-text-editor\" data-id=\"1784736\" data-element_type=\"widget\" data-e-type=\"widget\" data-widget_type=\"text-editor.default\">\n\t\t\t\t\t\t\t\t\t<ul class=\"featuresList\"><li>Eficientes energ\u00e9ticamente y con buen aislamiento t\u00e9rmico<\/li><li>Estilo cl\u00e1sico y atemporal con vistas despejadas y maximizada la ventana; permite que entre abundante luz natural a tu espacio.<\/li><li>Disponibles en las cuatro series de ventanas, con diversas configuraciones de parrillas, opciones de color y acabado, y distintas tecnolog\u00edas de vidrio.<\/li><\/ul>\t\t\t\t\t\t\t\t<\/div>\n\t\t\t\t<\/div>\n\t\t<div class=\"elementor-element elementor-element-8d2534b e-con-full e-flex e-con e-child\" data-id=\"8d2534b\" data-element_type=\"container\" data-e-type=\"container\">\n\t\t\t\t<div class=\"elementor-element elementor-element-8919d46 elementor-widget elementor-widget-image\" data-id=\"8919d46\" data-element_type=\"widget\" data-e-type=\"widget\" data-widget_type=\"image.default\">\n\t\t\t\t\t\t\t\t\t\t\t\t\t\t\t<img fetchpriority=\"high\" decoding=\"async\" width=\"300\" height=\"450\" src=\"https:\/\/smartgreenexteriors.com\/wp-content\/uploads\/2025\/09\/picture_window16-1.png\" class=\"attachment-large size-large wp-image-519\" alt=\"\" srcset=\"https:\/\/smartgreenexteriors.com\/wp-content\/uploads\/2025\/09\/picture_window16-1.png 300w, https:\/\/smartgreenexteriors.com\/wp-content\/uploads\/2025\/09\/picture_window16-1-200x300.png 200w, https:\/\/smartgreenexteriors.com\/wp-content\/uploads\/2025\/09\/picture_window16-1-8x12.png 8w\" sizes=\"(max-width: 300px) 100vw, 300px\" \/>\t\t\t\t\t\t\t\t\t\t\t\t\t\t\t<\/div>\n\t\t\t\t<\/div>\n\t\t\t\t<\/div>\n\t\t\t\t\t<\/div>\n\t\t\t\t<\/div>\n\t\t\t\t<\/div>","protected":false},"excerpt":{"rendered":"<p>Picture Windows Picture windows are designed to remain fixed in place and do not open or close. Let plentiful light into your space with a window from one of our exclusive product lines. Picture Windows FEATURES Stationary, one pane windows that do not open Picture windows are ideal for customizing your wall space and can [&hellip;]<\/p>\n","protected":false},"author":2,"featured_media":0,"parent":0,"menu_order":0,"comment_status":"closed","ping_status":"closed","template":"elementor_header_footer","meta":{"footnotes":""},"class_list":["post-517","page","type-page","status-publish","hentry"],"yoast_head":"<!-- This site is optimized with the Yoast SEO plugin v27.5 - https:\/\/yoast.com\/product\/yoast-seo-wordpress\/ -->\n<title>Picture Windows - Smart Green Exteriors<\/title>\n<meta name=\"robots\" content=\"index, follow, max-snippet:-1, max-image-preview:large, max-video-preview:-1\" \/>\n<link rel=\"canonical\" href=\"https:\/\/smartgreenexteriors.com\/es\/picture-windows\/\" \/>\n<meta property=\"og:locale\" content=\"es_ES\" \/>\n<meta property=\"og:type\" content=\"article\" \/>\n<meta property=\"og:title\" content=\"Picture Windows - Smart Green Exteriors\" \/>\n<meta property=\"og:description\" content=\"Picture Windows Picture windows are designed to remain fixed in place and do not open or close. Let plentiful light into your space with a window from one of our exclusive product lines. Picture Windows FEATURES Stationary, one pane windows that do not open Picture windows are ideal for customizing your wall space and can [&hellip;]\" \/>\n<meta property=\"og:url\" content=\"https:\/\/smartgreenexteriors.com\/es\/picture-windows\/\" \/>\n<meta property=\"og:site_name\" content=\"Smart Green Exteriors\" \/>\n<meta property=\"article:modified_time\" content=\"2025-09-10T22:30:35+00:00\" \/>\n<meta property=\"og:image\" content=\"https:\/\/smartgreenexteriors.com\/wp-content\/uploads\/2025\/09\/picture_window16-1.png\" \/>\n<meta name=\"twitter:card\" content=\"summary_large_image\" \/>\n<meta name=\"twitter:label1\" content=\"Tiempo de lectura\" \/>\n\t<meta name=\"twitter:data1\" content=\"1 minuto\" \/>\n<script type=\"application\/ld+json\" class=\"yoast-schema-graph\">{\"@context\":\"https:\\\/\\\/schema.org\",\"@graph\":[{\"@type\":\"WebPage\",\"@id\":\"https:\\\/\\\/smartgreenexteriors.com\\\/es\\\/picture-windows\\\/\",\"url\":\"https:\\\/\\\/smartgreenexteriors.com\\\/es\\\/picture-windows\\\/\",\"name\":\"Picture Windows - Smart Green Exteriors\",\"isPartOf\":{\"@id\":\"https:\\\/\\\/smartgreenexteriors.com\\\/en\\\/#website\"},\"primaryImageOfPage\":{\"@id\":\"https:\\\/\\\/smartgreenexteriors.com\\\/es\\\/picture-windows\\\/#primaryimage\"},\"image\":{\"@id\":\"https:\\\/\\\/smartgreenexteriors.com\\\/es\\\/picture-windows\\\/#primaryimage\"},\"thumbnailUrl\":\"https:\\\/\\\/smartgreenexteriors.com\\\/wp-content\\\/uploads\\\/2025\\\/09\\\/picture_window16-1.png\",\"datePublished\":\"2025-09-10T22:28:41+00:00\",\"dateModified\":\"2025-09-10T22:30:35+00:00\",\"breadcrumb\":{\"@id\":\"https:\\\/\\\/smartgreenexteriors.com\\\/es\\\/picture-windows\\\/#breadcrumb\"},\"inLanguage\":\"es\",\"potentialAction\":[{\"@type\":\"ReadAction\",\"target\":[\"https:\\\/\\\/smartgreenexteriors.com\\\/es\\\/picture-windows\\\/\"]}]},{\"@type\":\"ImageObject\",\"inLanguage\":\"es\",\"@id\":\"https:\\\/\\\/smartgreenexteriors.com\\\/es\\\/picture-windows\\\/#primaryimage\",\"url\":\"https:\\\/\\\/smartgreenexteriors.com\\\/wp-content\\\/uploads\\\/2025\\\/09\\\/picture_window16-1.png\",\"contentUrl\":\"https:\\\/\\\/smartgreenexteriors.com\\\/wp-content\\\/uploads\\\/2025\\\/09\\\/picture_window16-1.png\"},{\"@type\":\"BreadcrumbList\",\"@id\":\"https:\\\/\\\/smartgreenexteriors.com\\\/es\\\/picture-windows\\\/#breadcrumb\",\"itemListElement\":[{\"@type\":\"ListItem\",\"position\":1,\"name\":\"Home\",\"item\":\"https:\\\/\\\/smartgreenexteriors.com\\\/\"},{\"@type\":\"ListItem\",\"position\":2,\"name\":\"Picture Windows\"}]},{\"@type\":\"WebSite\",\"@id\":\"https:\\\/\\\/smartgreenexteriors.com\\\/en\\\/#website\",\"url\":\"https:\\\/\\\/smartgreenexteriors.com\\\/en\\\/\",\"name\":\"Smart Green Exteriors\",\"description\":\"\",\"publisher\":{\"@id\":\"https:\\\/\\\/smartgreenexteriors.com\\\/en\\\/#organization\"},\"potentialAction\":[{\"@type\":\"SearchAction\",\"target\":{\"@type\":\"EntryPoint\",\"urlTemplate\":\"https:\\\/\\\/smartgreenexteriors.com\\\/en\\\/?s={search_term_string}\"},\"query-input\":{\"@type\":\"PropertyValueSpecification\",\"valueRequired\":true,\"valueName\":\"search_term_string\"}}],\"inLanguage\":\"es\"},{\"@type\":\"Organization\",\"@id\":\"https:\\\/\\\/smartgreenexteriors.com\\\/en\\\/#organization\",\"name\":\"Smart Green Exteriors\",\"url\":\"https:\\\/\\\/smartgreenexteriors.com\\\/en\\\/\",\"logo\":{\"@type\":\"ImageObject\",\"inLanguage\":\"es\",\"@id\":\"https:\\\/\\\/smartgreenexteriors.com\\\/en\\\/#\\\/schema\\\/logo\\\/image\\\/\",\"url\":\"https:\\\/\\\/smartgreenexteriors.com\\\/wp-content\\\/uploads\\\/2025\\\/09\\\/cropped-WhatsApp_Image_2025-09-04_at_7.44.16_AM-removebg-preview-2.png\",\"contentUrl\":\"https:\\\/\\\/smartgreenexteriors.com\\\/wp-content\\\/uploads\\\/2025\\\/09\\\/cropped-WhatsApp_Image_2025-09-04_at_7.44.16_AM-removebg-preview-2.png\",\"width\":539,\"height\":191,\"caption\":\"Smart Green Exteriors\"},\"image\":{\"@id\":\"https:\\\/\\\/smartgreenexteriors.com\\\/en\\\/#\\\/schema\\\/logo\\\/image\\\/\"}}]}<\/script>\n<!-- \/ Yoast SEO plugin. -->","yoast_head_json":{"title":"Picture Windows - Smart Green Exteriors","robots":{"index":"index","follow":"follow","max-snippet":"max-snippet:-1","max-image-preview":"max-image-preview:large","max-video-preview":"max-video-preview:-1"},"canonical":"https:\/\/smartgreenexteriors.com\/es\/picture-windows\/","og_locale":"es_ES","og_type":"article","og_title":"Picture Windows - Smart Green Exteriors","og_description":"Picture Windows Picture windows are designed to remain fixed in place and do not open or close. Let plentiful light into your space with a window from one of our exclusive product lines. Picture Windows FEATURES Stationary, one pane windows that do not open Picture windows are ideal for customizing your wall space and can [&hellip;]","og_url":"https:\/\/smartgreenexteriors.com\/es\/picture-windows\/","og_site_name":"Smart Green Exteriors","article_modified_time":"2025-09-10T22:30:35+00:00","og_image":[{"url":"https:\/\/smartgreenexteriors.com\/wp-content\/uploads\/2025\/09\/picture_window16-1.png","type":"","width":"","height":""}],"twitter_card":"summary_large_image","twitter_misc":{"Tiempo de lectura":"1 minuto"},"schema":{"@context":"https:\/\/schema.org","@graph":[{"@type":"WebPage","@id":"https:\/\/smartgreenexteriors.com\/es\/picture-windows\/","url":"https:\/\/smartgreenexteriors.com\/es\/picture-windows\/","name":"Picture Windows - Smart Green Exteriors","isPartOf":{"@id":"https:\/\/smartgreenexteriors.com\/en\/#website"},"primaryImageOfPage":{"@id":"https:\/\/smartgreenexteriors.com\/es\/picture-windows\/#primaryimage"},"image":{"@id":"https:\/\/smartgreenexteriors.com\/es\/picture-windows\/#primaryimage"},"thumbnailUrl":"https:\/\/smartgreenexteriors.com\/wp-content\/uploads\/2025\/09\/picture_window16-1.png","datePublished":"2025-09-10T22:28:41+00:00","dateModified":"2025-09-10T22:30:35+00:00","breadcrumb":{"@id":"https:\/\/smartgreenexteriors.com\/es\/picture-windows\/#breadcrumb"},"inLanguage":"es","potentialAction":[{"@type":"ReadAction","target":["https:\/\/smartgreenexteriors.com\/es\/picture-windows\/"]}]},{"@type":"ImageObject","inLanguage":"es","@id":"https:\/\/smartgreenexteriors.com\/es\/picture-windows\/#primaryimage","url":"https:\/\/smartgreenexteriors.com\/wp-content\/uploads\/2025\/09\/picture_window16-1.png","contentUrl":"https:\/\/smartgreenexteriors.com\/wp-content\/uploads\/2025\/09\/picture_window16-1.png"},{"@type":"BreadcrumbList","@id":"https:\/\/smartgreenexteriors.com\/es\/picture-windows\/#breadcrumb","itemListElement":[{"@type":"ListItem","position":1,"name":"Home","item":"https:\/\/smartgreenexteriors.com\/"},{"@type":"ListItem","position":2,"name":"Picture Windows"}]},{"@type":"WebSite","@id":"https:\/\/smartgreenexteriors.com\/en\/#website","url":"https:\/\/smartgreenexteriors.com\/en\/","name":"Smart Green Exteriors","description":"","publisher":{"@id":"https:\/\/smartgreenexteriors.com\/en\/#organization"},"potentialAction":[{"@type":"SearchAction","target":{"@type":"EntryPoint","urlTemplate":"https:\/\/smartgreenexteriors.com\/en\/?s={search_term_string}"},"query-input":{"@type":"PropertyValueSpecification","valueRequired":true,"valueName":"search_term_string"}}],"inLanguage":"es"},{"@type":"Organization","@id":"https:\/\/smartgreenexteriors.com\/en\/#organization","name":"Smart Green Exteriors","url":"https:\/\/smartgreenexteriors.com\/en\/","logo":{"@type":"ImageObject","inLanguage":"es","@id":"https:\/\/smartgreenexteriors.com\/en\/#\/schema\/logo\/image\/","url":"https:\/\/smartgreenexteriors.com\/wp-content\/uploads\/2025\/09\/cropped-WhatsApp_Image_2025-09-04_at_7.44.16_AM-removebg-preview-2.png","contentUrl":"https:\/\/smartgreenexteriors.com\/wp-content\/uploads\/2025\/09\/cropped-WhatsApp_Image_2025-09-04_at_7.44.16_AM-removebg-preview-2.png","width":539,"height":191,"caption":"Smart Green Exteriors"},"image":{"@id":"https:\/\/smartgreenexteriors.com\/en\/#\/schema\/logo\/image\/"}}]}},"_links":{"self":[{"href":"https:\/\/smartgreenexteriors.com\/es\/wp-json\/wp\/v2\/pages\/517","targetHints":{"allow":["GET"]}}],"collection":[{"href":"https:\/\/smartgreenexteriors.com\/es\/wp-json\/wp\/v2\/pages"}],"about":[{"href":"https:\/\/smartgreenexteriors.com\/es\/wp-json\/wp\/v2\/types\/page"}],"author":[{"embeddable":true,"href":"https:\/\/smartgreenexteriors.com\/es\/wp-json\/wp\/v2\/users\/2"}],"replies":[{"embeddable":true,"href":"https:\/\/smartgreenexteriors.com\/es\/wp-json\/wp\/v2\/comments?post=517"}],"version-history":[{"count":7,"href":"https:\/\/smartgreenexteriors.com\/es\/wp-json\/wp\/v2\/pages\/517\/revisions"}],"predecessor-version":[{"id":525,"href":"https:\/\/smartgreenexteriors.com\/es\/wp-json\/wp\/v2\/pages\/517\/revisions\/525"}],"wp:attachment":[{"href":"https:\/\/smartgreenexteriors.com\/es\/wp-json\/wp\/v2\/media?parent=517"}],"curies":[{"name":"wp","href":"https:\/\/api.w.org\/{rel}","templated":true}]}}